{"id":7920,"date":"2024-08-20T21:02:34","date_gmt":"2024-08-20T19:02:34","guid":{"rendered":"https:\/\/jnzgroup.co.za\/dev\/german\/wordpress\/?page_id=7920"},"modified":"2025-11-20T12:04:57","modified_gmt":"2025-11-20T10:04:57","slug":"kontaktieren-sie-uns","status":"publish","type":"page","link":"https:\/\/www.gcat.de.com\/german\/kontaktieren-sie-uns\/","title":{"rendered":"Kontaktieren Sie Uns"},"content":{"rendered":"\t\t<div data-elementor-type=\"wp-page\" data-elementor-id=\"7920\" class=\"elementor elementor-7920\">\n\t\t\t\t\t\t<section class=\"elementor-section elementor-top-section elementor-element elementor-element-51cca71 elementor-section-full_width position-relative overflow-hidden py-4 mb-3 elementor-section-height-default elementor-section-height-default\" data-id=\"51cca71\" data-element_type=\"section\" data-settings=\"{&quot;background_background&quot;:&quot;classic&quot;}\">\n\t\t\t\t\t\t\t<div class=\"elementor-background-overlay\"><\/div>\n\t\t\t\t\t\t\t<div class=\"elementor-container elementor-column-gap-default container pt-lg-3 row flex-lg-nowrap px-0\">\n\t\t\t\t\t<div class=\"elementor-column elementor-col-100 elementor-top-column elementor-element elementor-element-b9e2618 col-lg-12 col-xl-12 text-center text-lg-start pt-5 mt-xl-4\" data-id=\"b9e2618\" data-element_type=\"column\">\n\t\t\t<div class=\"p-0 elementor-widget-wrap elementor-element-populated\">\n\t\t\t\t\t\t<div class=\"elementor-element elementor-element-dd0c106 elementor-widget__width-initial elementor-widget elementor-widget-highlighted-heading\" data-id=\"dd0c106\" data-element_type=\"widget\" data-widget_type=\"highlighted-heading.default\">\n\t\t\t\t<div class=\"elementor-widget-container\">\n\t\t\t<h1 class=\"silicon-elementor-highlighted-heading__title display-4\"><span class=\"si-multipurpose-text__before\">Kontaktieren Sie uns<\/span><\/h1>\t\t<\/div>\n\t\t\t\t<\/div>\n\t\t\t\t\t<\/div>\n\t\t<\/div>\n\t\t\t\t\t<\/div>\n\t\t<\/section>\n\t\t\t\t<section class=\"elementor-section elementor-top-section elementor-element elementor-element-5d42e9e8 elementor-section-full_width elementor-section-height-default elementor-section-height-default\" data-id=\"5d42e9e8\" data-element_type=\"section\">\n\t\t\t\t\t\t<div class=\"elementor-container elementor-column-gap-default container pb-5 mb-lg-4 mb-xl-5\">\n\t\t\t\t\t<div class=\"elementor-column elementor-col-100 elementor-top-column elementor-element elementor-element-4faf9632\" data-id=\"4faf9632\" data-element_type=\"column\">\n\t\t\t<div class=\"p-0 elementor-widget-wrap elementor-element-populated\">\n\t\t\t\t\t\t<div class=\"elementor-section elementor-inner-section elementor-element elementor-element-6d8fa52b elementor-section-full_width elementor-section-height-default elementor-section-height-default\" data-id=\"6d8fa52b\" data-element_type=\"section\">\n\t\t\t\t\t\t<div class=\"elementor-container elementor-column-gap-default row pt-4 mt-lg-3 pb-5 mb-lg-4 mb-xl-5 row-margin\">\n\t\t\t\t\t<div class=\"elementor-column elementor-col-50 elementor-inner-column elementor-element elementor-element-3e03acb2 col-md-4\" data-id=\"3e03acb2\" data-element_type=\"column\">\n\t\t\t<div class=\"p-0 elementor-widget-wrap elementor-element-populated\">\n\t\t\t\t\t\t<div class=\"elementor-element elementor-element-436c5532 elementor-widget elementor-widget-highlighted-heading\" data-id=\"436c5532\" data-element_type=\"widget\" data-widget_type=\"highlighted-heading.default\">\n\t\t\t\t<div class=\"elementor-widget-container\">\n\t\t\t<h1 class=\"silicon-elementor-highlighted-heading__title mb-md-4\"><span class=\"si-multipurpose-text__before\">Nehmen Sie Kontakt auf<\/span><\/h1>\t\t<\/div>\n\t\t\t\t<\/div>\n\t\t\t\t<div class=\"elementor-element elementor-element-1d9ba253 elementor-widget elementor-widget-highlighted-heading\" data-id=\"1d9ba253\" data-element_type=\"widget\" data-widget_type=\"highlighted-heading.default\">\n\t\t\t\t<div class=\"elementor-widget-container\">\n\t\t\t<p class=\"silicon-elementor-highlighted-heading__title fs-lg pb-2\"><span class=\"si-multipurpose-text__before\">F\u00fcr weitere Informationen, Spenden oder um einen Termin zu vereinbaren<\/span><\/p>\t\t<\/div>\n\t\t\t\t<\/div>\n\t\t\t\t<div class=\"elementor-element elementor-element-f0d9a51 elementor-align-left elementor-icon-list--layout-traditional elementor-list-item-link-full_width elementor-widget elementor-widget-icon-list\" data-id=\"f0d9a51\" data-element_type=\"widget\" data-widget_type=\"icon-list.default\">\n\t\t\t\t<div class=\"elementor-widget-container\">\n\t\t\t\t\t<ul class=\"list-unstyled pb-3 mb-0 mb-lg-3 elementor-icon-list-items\">\n\t\t\t\t\t\t\t<li class=\"d-flex mb-3 elementor-icon-list-item\">\n\t\t\t\t\t\t\t\t\t\t\t<span class=\"elementor-icon-list-icon\">\n\t\t\t\t\t\t\t<i aria-hidden=\"true\" class=\"bx  bx-map text-muted  fs-xl mt-1 me-2 w-auto\"><\/i>\t\t\t\t\t\t<\/span>\n\t\t\t\t\t\t\t\t\t\t<span class=\"elementor-icon-list-text\">Natruper Str 57, 49076 Osnabr\u00fcck, Germany<\/span>\n\t\t\t\t\t\t\t\t\t<\/li>\n\t\t\t\t\t\t\t\t<li class=\"d-flex mb-3 elementor-icon-list-item\">\n\t\t\t\t\t\t\t\t\t\t\t<span class=\"elementor-icon-list-icon\">\n\t\t\t\t\t\t\t<i aria-hidden=\"true\" class=\"bx  bx-phone-call text-muted  fs-xl mt-1 me-2 w-auto\"><\/i>\t\t\t\t\t\t<\/span>\n\t\t\t\t\t\t\t\t\t\t<span class=\"elementor-icon-list-text\"><span class=\"text-dark fw-semibold me-1\">Telefon <\/span> +49 162 764 5524 <br><span class=\"text-dark fw-semibold me-1\">Mobiltelefon <\/span>+ 27 83 458 1071 <\/span>\n\t\t\t\t\t\t\t\t\t<\/li>\n\t\t\t\t\t\t\t\t<li class=\"d-flex mb-3 elementor-icon-list-item\">\n\t\t\t\t\t\t\t\t\t\t\t<span class=\"elementor-icon-list-icon\">\n\t\t\t\t\t\t\t<i aria-hidden=\"true\" class=\"bx  bx-envelope text-muted  fs-xl mt-1 me-2 w-auto\"><\/i>\t\t\t\t\t\t<\/span>\n\t\t\t\t\t\t\t\t\t\t<span class=\"elementor-icon-list-text\">jh@gcat.de.com  |   jh@jh-sa.com<\/span>\n\t\t\t\t\t\t\t\t\t<\/li>\n\t\t\t\t\t\t<\/ul>\n\t\t\t\t<\/div>\n\t\t\t\t<\/div>\n\t\t\t\t\t<\/div>\n\t\t<\/div>\n\t\t\t\t<div class=\"elementor-column elementor-col-50 elementor-inner-column elementor-element elementor-element-43316da0 col-xl-7 col-md-8 offset-xl-1 needs-validation\" data-id=\"43316da0\" data-element_type=\"column\">\n\t\t\t<div class=\"p-0 elementor-widget-wrap elementor-element-populated\">\n\t\t\t\t\t\t<div class=\"elementor-element elementor-element-3291414 elementor-widget elementor-widget-html\" data-id=\"3291414\" data-element_type=\"widget\" data-widget_type=\"html.default\">\n\t\t\t\t<div class=\"elementor-widget-container\">\n\t\t\t<div class=\"wpforms-container wpforms-container-full wpforms-render-modern\" id=\"wpforms-4268\"><form id=\"wpforms-form-4268\" class=\"wpforms-validate wpforms-form wpforms-ajax-form\" data-formid=\"4268\" method=\"post\" enctype=\"multipart\/form-data\" action=\"\/german\/wp-json\/wp\/v2\/pages\/7920\" data-token=\"7cb687248a06cb99e100575eccb091d5\" data-token-time=\"1777532845\"><noscript class=\"wpforms-error-noscript\">Please enable JavaScript in your browser to complete this form.<\/noscript><div class=\"wpforms-hidden\" id=\"wpforms-error-noscript\">Please enable JavaScript in your browser to complete this form.<\/div><div class=\"wpforms-field-container row\"><div id=\"wpforms-4268-field_1-container\" class=\"wpforms-field wpforms-field-name col-sm-6 mb-4 si-col py-0\" data-field-id=\"1\"><label class=\"wpforms-field-label form-label fw-medium\" for=\"wpforms-4268-field_1\">Name <span class=\"wpforms-required-label\" aria-hidden=\"true\">*<\/span><\/label><input type=\"text\" id=\"wpforms-4268-field_1\" class=\"wpforms-field-large wpforms-field-required form-control-lg form-control\" name=\"wpforms[fields][1]\" aria-errormessage=\"wpforms-4268-field_1-error\" required><\/div><div id=\"wpforms-4268-field_2-container\" class=\"wpforms-field wpforms-field-email col-sm-6 mb-4 si-col py-0\" data-field-id=\"2\"><label class=\"wpforms-field-label form-label fw-medium\" for=\"wpforms-4268-field_2\">Email <span class=\"wpforms-required-label\" aria-hidden=\"true\">*<\/span><\/label><input type=\"email\" id=\"wpforms-4268-field_2\" class=\"wpforms-field-large wpforms-field-required form-control-lg form-control\" name=\"wpforms[fields][2]\" spellcheck=\"false\" aria-errormessage=\"wpforms-4268-field_2-error\" required><\/div><div id=\"wpforms-4268-field_3-container\" class=\"wpforms-field wpforms-field-text col-sm-6 mb-4 si-col py-0\" data-field-id=\"3\"><label class=\"wpforms-field-label form-label fw-medium\" for=\"wpforms-4268-field_3\">Phone<\/label><input type=\"text\" id=\"wpforms-4268-field_3\" class=\"wpforms-field-large form-control-lg form-control\" name=\"wpforms[fields][3]\" placeholder=\"00-000-0000\" aria-errormessage=\"wpforms-4268-field_3-error\" ><\/div><div id=\"wpforms-4268-field_4-container\" class=\"wpforms-field wpforms-field-select col-sm-6 mb-4 si-col py-0 wpforms-field-select-style-classic\" data-field-id=\"4\"><label class=\"wpforms-field-label form-label fw-medium fs-base\" for=\"wpforms-4268-field_4\">Subject <span class=\"wpforms-required-label\" aria-hidden=\"true\">*<\/span><\/label><select id=\"wpforms-4268-field_4\" class=\"wpforms-field-large wpforms-field-required form-select form-select-lg\" name=\"wpforms[fields][4]\" required=\"required\"><option value=\"\" class=\"placeholder\" disabled  selected='selected'>Choose subject<\/option><option value=\"Donations\" >Donations<\/option><option value=\"Query\" >Query<\/option><option value=\"Appointment\" >Appointment<\/option><\/select><\/div><div id=\"wpforms-4268-field_5-container\" class=\"wpforms-field wpforms-field-textarea col-12 mb-4 si-col py-0\" data-field-id=\"5\"><label class=\"wpforms-field-label form-label fw-medium\" for=\"wpforms-4268-field_5\">Message <span class=\"wpforms-required-label\" aria-hidden=\"true\">*<\/span><\/label><textarea id=\"wpforms-4268-field_5\" class=\"wpforms-field-large wpforms-field-required form-control-lg form-control h-auto\" name=\"wpforms[fields][5]\" aria-errormessage=\"wpforms-4268-field_5-error\" rows=\"4\" required><\/textarea><\/div><div id=\"wpforms-4268-field_6-container\" class=\"wpforms-field wpforms-field-checkbox col-12 mb-4 si-col py-0\" data-field-id=\"6\"><fieldset><legend class=\"wpforms-field-label wpforms-label-hide form-label fw-medium fs-base\" aria-hidden=\"false\">Checkboxes <span class=\"wpforms-required-label\" aria-hidden=\"true\">*<\/span><\/legend><ul id=\"wpforms-4268-field_6\" class=\"wpforms-field-required\"><li class=\"choice-1 depth-1\"><input type=\"checkbox\" id=\"wpforms-4268-field_6_1\" name=\"wpforms[fields][6][]\" value=\"I agree to the Terms &amp; conditions\" aria-errormessage=\"wpforms-4268-field_6_1-error\" required ><label class=\"wpforms-field-label-inline fs-base\" for=\"wpforms-4268-field_6_1\">I agree to the Terms &amp; conditions<\/label><\/li><\/ul><\/fieldset><\/div><div class=\"wpforms-footer wpf-sc-p-0 wpf-sc-p-0\"><div class=\"wpforms-submit-container\" ><input type=\"hidden\" name=\"wpforms[id]\" value=\"4268\"><input type=\"hidden\" name=\"page_title\" value=\"\"><input type=\"hidden\" name=\"page_url\" value=\"https:\/\/www.gcat.de.com\/german\/wp-json\/wp\/v2\/pages\/7920\"><button type=\"submit\" name=\"wpforms[submit]\" id=\"wpforms-submit-4268\" class=\"wpforms-submit btn btn-primary btn-lg shadow-primary\" data-alt-text=\"Sending...\" data-submit-text=\"Submit form\" aria-live=\"assertive\" value=\"wpforms-submit\">Submit form<\/button><img decoding=\"async\" src=\"https:\/\/www.gcat.de.com\/german\/wp-content\/plugins\/wpforms-lite\/assets\/images\/submit-spin.svg\" class=\"wpforms-submit-spinner\" style=\"display: none;\" width=\"26\" height=\"26\" alt=\"Loading\"><\/div><\/div><\/div><\/form><\/div>  <!-- .wpforms-container -->\t\t<\/div>\n\t\t\t\t<\/div>\n\t\t\t\t\t<\/div>\n\t\t<\/div>\n\t\t\t\t\t<\/div>\n\t\t<\/div>\n\t\t\t\t<div class=\"elementor-element elementor-element-44c7eccc d-md-none mt-n2 mb-2 elementor-widget-divider--view-line elementor-widget elementor-widget-divider\" data-id=\"44c7eccc\" data-element_type=\"widget\" data-widget_type=\"divider.default\">\n\t\t\t\t<div class=\"elementor-widget-container\">\n\t\t\t\t\t<div class=\"elementor-divider\">\n\t\t\t<span class=\"elementor-divider-separator\">\n\t\t\t\t\t\t<\/span>\n\t\t<\/div>\n\t\t\t\t<\/div>\n\t\t\t\t<\/div>\n\t\t\t\t\t<\/div>\n\t\t<\/div>\n\t\t\t\t\t<\/div>\n\t\t<\/section>\n\t\t\t\t<section class=\"elementor-section elementor-top-section elementor-element elementor-element-216cf87 elementor-section-full_width container pb-5 mb-1 mb-md-4 mb-lg-5 elementor-section-height-default elementor-section-height-default\" data-id=\"216cf87\" data-element_type=\"section\">\n\t\t\t\t\t\t<div class=\"elementor-container elementor-column-gap-default  row pb-xl-3 \">\n\t\t\t\t\t<div class=\"elementor-column elementor-col-100 elementor-top-column elementor-element elementor-element-63bf09d col-md-12 pb-2 pb-md-0 mb-4 mb-md-0\" data-id=\"63bf09d\" data-element_type=\"column\">\n\t\t\t<div class=\"p-0 elementor-widget-wrap elementor-element-populated\">\n\t\t\t\t\t\t<div class=\"elementor-element elementor-element-5b3e9a8 shadow-sm elementor-widget elementor-widget-google_maps\" data-id=\"5b3e9a8\" data-element_type=\"widget\" data-widget_type=\"google_maps.default\">\n\t\t\t\t<div class=\"elementor-widget-container\">\n\t\t\t\t\t<div class=\"elementor-custom-embed\">\n\t\t\t<iframe loading=\"lazy\"\n\t\t\t\t\tsrc=\"https:\/\/maps.google.com\/maps?q=Natruper%20Str%2057%2C%2049076%20Osnabr%C3%BCck%2C%20German&#038;t=m&#038;z=15&#038;output=embed&#038;iwloc=near\"\n\t\t\t\t\ttitle=\"Natruper Str 57, 49076 Osnabr\u00fcck, German\"\n\t\t\t\t\taria-label=\"Natruper Str 57, 49076 Osnabr\u00fcck, German\"\n\t\t\t><\/iframe>\n\t\t<\/div>\n\t\t\t\t<\/div>\n\t\t\t\t<\/div>\n\t\t\t\t\t<\/div>\n\t\t<\/div>\n\t\t\t\t\t<\/div>\n\t\t<\/section>\n\t\t\t\t<footer class=\"elementor-section elementor-top-section elementor-element elementor-element-5beaba1 elementor-section-full_width footer dark-mode bg-dark pt-5 pb-4 pb-lg-5 elementor-section-height-default elementor-section-height-default\" data-id=\"5beaba1\" data-element_type=\"section\">\n\t\t\t\t\t\t<div class=\"elementor-container elementor-column-gap-default container text-center pt-lg-3\">\n\t\t\t\t\t<div class=\"elementor-column elementor-col-100 elementor-top-column elementor-element elementor-element-dff6a54\" data-id=\"dff6a54\" data-element_type=\"column\">\n\t\t\t<div class=\"p-0 elementor-widget-wrap elementor-element-populated\">\n\t\t\t\t\t\t<div class=\"elementor-element elementor-element-6c2be9d elementor-widget elementor-widget-image\" data-id=\"6c2be9d\" data-element_type=\"widget\" data-widget_type=\"image.default\">\n\t\t\t\t<div class=\"elementor-widget-container\">\n\t\t\t\t\t\t\t\t\t\t\t\t\t<img fetchpriority=\"high\" decoding=\"async\" width=\"1000\" height=\"1044\" src=\"https:\/\/www.gcat.de.com\/german\/wp-content\/uploads\/2024\/08\/German-Craft-Academy-Small-1.png\" class=\"attachment-full size-full wp-image-6692\" alt=\"\" srcset=\"https:\/\/www.gcat.de.com\/german\/wp-content\/uploads\/2024\/08\/German-Craft-Academy-Small-1.png 1000w, https:\/\/www.gcat.de.com\/german\/wp-content\/uploads\/2024\/08\/German-Craft-Academy-Small-1-287x300.png 287w, https:\/\/www.gcat.de.com\/german\/wp-content\/uploads\/2024\/08\/German-Craft-Academy-Small-1-981x1024.png 981w, https:\/\/www.gcat.de.com\/german\/wp-content\/uploads\/2024\/08\/German-Craft-Academy-Small-1-768x802.png 768w\" sizes=\"(max-width: 1000px) 100vw, 1000px\" \/>\t\t\t\t\t\t\t\t\t\t\t\t\t<\/div>\n\t\t\t\t<\/div>\n\t\t\t\t<div class=\"elementor-element elementor-element-feafcc9 elementor-widget elementor-widget-si-nav-menu\" data-id=\"feafcc9\" data-element_type=\"widget\" data-widget_type=\"si-nav-menu.default\">\n\t\t\t\t<div class=\"elementor-widget-container\">\n\t\t\t\t\t<ul id=\"menu-1-feafcc9\" class=\" nav justify-content-center pt-3 pb-4 pb-lg-5\"><li id=\"menu-item-7986\" class=\"menu-item menu-item-type-post_type menu-item-object-page menu-item-home menu-item-7986  nav-item\"><a href=\"https:\/\/www.gcat.de.com\/german\/\" class=\" nav-link\">Startseite<\/a><\/li>\n<li id=\"menu-item-7987\" class=\"menu-item menu-item-type-post_type menu-item-object-page menu-item-7987  nav-item\"><a href=\"https:\/\/www.gcat.de.com\/german\/uber\/\" class=\" nav-link\">\u00dcber<\/a><\/li>\n<li id=\"menu-item-8039\" class=\"menu-item menu-item-type-post_type menu-item-object-page menu-item-8039  nav-item\"><a href=\"https:\/\/www.gcat.de.com\/german\/kurse\/\" class=\" nav-link\">Kurse<\/a><\/li>\n<li id=\"menu-item-7988\" class=\"menu-item menu-item-type-post_type menu-item-object-page menu-item-7988  nav-item\"><a href=\"https:\/\/www.gcat.de.com\/german\/investorenbereich\/\" class=\" nav-link\">Sponsoren<\/a><\/li>\n<li id=\"menu-item-7989\" class=\"menu-item menu-item-type-post_type menu-item-object-page menu-item-7989  nav-item\"><a href=\"https:\/\/www.gcat.de.com\/german\/unsere-akademie\/\" class=\" nav-link\">Unsere Akademie<\/a><\/li>\n<li id=\"menu-item-8550\" class=\"menu-item menu-item-type-post_type menu-item-object-page menu-item-8550  nav-item\"><a href=\"https:\/\/www.gcat.de.com\/german\/spenden\/\" class=\" nav-link\">Spenden<\/a><\/li>\n<li id=\"menu-item-7990\" class=\"menu-item menu-item-type-post_type menu-item-object-page menu-item-7990  nav-item\"><a href=\"https:\/\/www.gcat.de.com\/german\/kontaktieren-sie-uns\/\" class=\" nav-link\">Kontaktieren Sie Uns<\/a><\/li>\n<li id=\"menu-item-8346\" class=\"menu-item menu-item-type-post_type menu-item-object-page menu-item-8346  nav-item\"><a href=\"https:\/\/www.gcat.de.com\/german\/datenschutzerklarung\/\" class=\" nav-link\">Datenschutz\u00aderkl\u00e4rung<\/a><\/li>\n<li id=\"menu-item-8407\" class=\"menu-item menu-item-type-post_type menu-item-object-page menu-item-8407  nav-item\"><a href=\"https:\/\/www.gcat.de.com\/german\/impressum\/\" class=\" nav-link\">Impressum<\/a><\/li>\n<\/ul>\t\t\t\t<\/div>\n\t\t\t\t<\/div>\n\t\t\t\t<div class=\"elementor-section elementor-inner-section elementor-element elementor-element-074bb52 elementor-section-full_width elementor-section-height-default elementor-section-height-default\" data-id=\"074bb52\" data-element_type=\"section\">\n\t\t\t\t\t\t<div class=\"elementor-container elementor-column-gap-default\">\n\t\t\t\t\t<div class=\"elementor-column elementor-col-100 elementor-inner-column elementor-element elementor-element-299923a\" data-id=\"299923a\" data-element_type=\"column\">\n\t\t\t<div class=\"p-0 d-flex justify-content-center pt-4 mt-lg-3 elementor-widget-wrap elementor-element-populated\">\n\t\t\t\t\t\t<div class=\"elementor-element elementor-element-17f8a07 elementor-widget__width-auto elementor-widget elementor-widget-button\" data-id=\"17f8a07\" data-element_type=\"widget\" data-widget_type=\"button.button-silicon\">\n\t\t\t\t<div class=\"elementor-widget-container\">\n\t\t\t\t\t<a href=\"https:\/\/www.instagram.com\/gcatplumbingacademy?igsh=MTRyMGk4bzcxcDh6ZA%3D%3D&#038;utm_source=qr\" class=\"silicon-button btn btn-secondary btn btn-icon btn-instagram mx-2\" role=\"button\">\n\t\t\t<span class=\"elementor-button-content-wrapper\">\n\t\t\t\t\t\t<span class=\"elementor-button-icon lh-1 elementor-align-icon-left order-first\">\n\t\t\t\t\t<i aria-hidden=\"true\" class=\"sn-button-icon  bx  bxl-instagram\"><\/i>\t\t\t\t<\/span>\n\t\t\t\t\t\t\t\t<\/span>\n\t\t\t\t<\/a>\n\t\t\t\t<\/div>\n\t\t\t\t<\/div>\n\t\t\t\t<div class=\"elementor-element elementor-element-0562f67 elementor-widget__width-auto elementor-widget elementor-widget-button\" data-id=\"0562f67\" data-element_type=\"widget\" data-widget_type=\"button.button-silicon\">\n\t\t\t\t<div class=\"elementor-widget-container\">\n\t\t\t\t\t<a href=\"#\" class=\"silicon-button btn btn-secondary btn btn-icon btn-facebook mx-2\" role=\"button\">\n\t\t\t<span class=\"elementor-button-content-wrapper\">\n\t\t\t\t\t\t<span class=\"elementor-button-icon lh-1 elementor-align-icon-left order-first\">\n\t\t\t\t\t<i aria-hidden=\"true\" class=\"sn-button-icon  bx  bxl-facebook\"><\/i>\t\t\t\t<\/span>\n\t\t\t\t\t\t\t\t<\/span>\n\t\t\t\t<\/a>\n\t\t\t\t<\/div>\n\t\t\t\t<\/div>\n\t\t\t\t<div class=\"elementor-element elementor-element-509ed88 elementor-widget__width-auto elementor-widget elementor-widget-button\" data-id=\"509ed88\" data-element_type=\"widget\" data-widget_type=\"button.button-silicon\">\n\t\t\t\t<div class=\"elementor-widget-container\">\n\t\t\t\t\t<a href=\"https:\/\/www.youtube.com\/@gcat-sa\" class=\"silicon-button btn btn-secondary btn btn-icon btn-youtube mx-2\" role=\"button\">\n\t\t\t<span class=\"elementor-button-content-wrapper\">\n\t\t\t\t\t\t<span class=\"elementor-button-icon lh-1 elementor-align-icon-left order-first\">\n\t\t\t\t\t<i aria-hidden=\"true\" class=\"sn-button-icon  bx  bxl-youtube\"><\/i>\t\t\t\t<\/span>\n\t\t\t\t\t\t\t\t<\/span>\n\t\t\t\t<\/a>\n\t\t\t\t<\/div>\n\t\t\t\t<\/div>\n\t\t\t\t\t<\/div>\n\t\t<\/div>\n\t\t\t\t\t<\/div>\n\t\t<\/div>\n\t\t\t\t<div class=\"elementor-element elementor-element-7a3fb45 elementor-widget elementor-widget-text-editor\" data-id=\"7a3fb45\" data-element_type=\"widget\" data-widget_type=\"text-editor.default\">\n\t\t\t\t<div class=\"elementor-widget-container\">\n\t\t\t\t\t\t\t<p class=\"fs-sm text-center pt-5 mt-lg-4 mb-0\"><span class=\"text-light opacity-50\">\u00a9 All rights reserved. Designed by <\/span>\n<a class=\"nav-link d-inline-block p-0\" href=\"https:\/\/jnz.co.za\" target=\"_blank\" rel=\"noopener\">JNZ Group<\/a><\/p>\t\t\t\t\t\t<\/div>\n\t\t\t\t<\/div>\n\t\t\t\t\t<\/div>\n\t\t<\/div>\n\t\t\t\t\t<\/div>\n\t\t<\/footer>\n\t\t\t\t<\/div>\n\t\t","protected":false},"excerpt":{"rendered":"<p>Kontaktieren Sie uns Nehmen Sie Kontakt auf F\u00fcr weitere Informationen, Spenden oder um einen Termin zu vereinbaren Natruper Str 57, 49076 Osnabr\u00fcck, Germany Telefon +49 162 764 5524 Mobiltelefon + 27 83 458 1071 jh@gcat.de.com | jh@jh-sa.com Startseite \u00dcber Kurse Sponsoren Unsere Akademie Spenden Kontaktieren Sie Uns Datenschutz\u00aderkl\u00e4rung Impressum \u00a9 All rights reserved. Designed by [&hellip;]<\/p>\n","protected":false},"author":1,"featured_media":0,"parent":0,"menu_order":0,"comment_status":"closed","ping_status":"closed","template":"elementor_header_footer","meta":{"_acf_changed":false,"footnotes":""},"class_list":["post-7920","page","type-page","status-publish","hentry"],"acf":[],"_links":{"self":[{"href":"https:\/\/www.gcat.de.com\/german\/wp-json\/wp\/v2\/pages\/7920","targetHints":{"allow":["GET"]}}],"collection":[{"href":"https:\/\/www.gcat.de.com\/german\/wp-json\/wp\/v2\/pages"}],"about":[{"href":"https:\/\/www.gcat.de.com\/german\/wp-json\/wp\/v2\/types\/page"}],"author":[{"embeddable":true,"href":"https:\/\/www.gcat.de.com\/german\/wp-json\/wp\/v2\/users\/1"}],"replies":[{"embeddable":true,"href":"https:\/\/www.gcat.de.com\/german\/wp-json\/wp\/v2\/comments?post=7920"}],"version-history":[{"count":16,"href":"https:\/\/www.gcat.de.com\/german\/wp-json\/wp\/v2\/pages\/7920\/revisions"}],"predecessor-version":[{"id":8726,"href":"https:\/\/www.gcat.de.com\/german\/wp-json\/wp\/v2\/pages\/7920\/revisions\/8726"}],"wp:attachment":[{"href":"https:\/\/www.gcat.de.com\/german\/wp-json\/wp\/v2\/media?parent=7920"}],"curies":[{"name":"wp","href":"https:\/\/api.w.org\/{rel}","templated":true}]}}